{"id":1388,"date":"2026-05-13T04:37:40","date_gmt":"2026-05-13T04:37:40","guid":{"rendered":"https:\/\/sotomonteabogados.com\/?page_id=1388"},"modified":"2026-05-13T12:03:22","modified_gmt":"2026-05-13T12:03:22","slug":"yilmer-velasco-mojica","status":"publish","type":"page","link":"https:\/\/sotomonteabogados.com\/en\/yilmer-velasco-mojica\/","title":{"rendered":"Yilmer Velasco Mojica"},"content":{"rendered":"<div data-elementor-type=\"wp-page\" data-elementor-id=\"1388\" class=\"elementor elementor-1388\">\n\t\t\t\t\t\t\t\t\t<section class=\"elementor-section elementor-top-section elementor-element elementor-element-e060268 elementor-section-full_width elementor-section-height-default elementor-section-height-default\" data-id=\"e060268\" data-element_type=\"section\">\n\t\t\t\t\t\t<div class=\"elementor-container elementor-column-gap-no\">\n\t\t\t\t\t<div class=\"elementor-column elementor-col-100 elementor-top-column elementor-element elementor-element-6ddae15\" data-id=\"6ddae15\" data-element_type=\"column\">\n\t\t\t<div class=\"elementor-widget-wrap elementor-element-populated\">\n\t\t\t\t\t\t\t\t<div class=\"elementor-element elementor-element-529e111 elementor-widget elementor-widget-image\" data-id=\"529e111\" data-element_type=\"widget\" data-widget_type=\"image.default\">\n\t\t\t\t<div class=\"elementor-widget-container\">\n\t\t\t<style>\/*! elementor - v3.6.7 - 03-07-2022 *\/\n.elementor-widget-image{text-align:center}.elementor-widget-image a{display:inline-block}.elementor-widget-image a img[src$=\".svg\"]{width:48px}.elementor-widget-image img{vertical-align:middle;display:inline-block}<\/style>\t\t\t\t\t\t\t\t\t\t\t\t<img decoding=\"async\" width=\"2560\" height=\"853\" src=\"https:\/\/sotomonteabogados.com\/wp-content\/uploads\/2024\/03\/team.png\" class=\"attachment-full size-full\" alt=\"\" loading=\"lazy\" srcset=\"https:\/\/sotomonteabogados.com\/wp-content\/uploads\/2024\/03\/team.png 2560w, https:\/\/sotomonteabogados.com\/wp-content\/uploads\/2024\/03\/team-300x100.png 300w, https:\/\/sotomonteabogados.com\/wp-content\/uploads\/2024\/03\/team-1024x341.png 1024w, https:\/\/sotomonteabogados.com\/wp-content\/uploads\/2024\/03\/team-768x256.png 768w, https:\/\/sotomonteabogados.com\/wp-content\/uploads\/2024\/03\/team-1536x512.png 1536w, https:\/\/sotomonteabogados.com\/wp-content\/uploads\/2024\/03\/team-2048x682.png 2048w, https:\/\/sotomonteabogados.com\/wp-content\/uploads\/2024\/03\/team-18x6.png 18w\" sizes=\"(max-width: 2560px) 100vw, 2560px\" \/>\t\t\t\t\t\t\t\t\t\t\t\t\t\t\t<\/div>\n\t\t\t\t<\/div>\n\t\t\t\t\t<\/div>\n\t\t<\/div>\n\t\t\t\t\t\t\t<\/div>\n\t\t<\/section>\n\t\t\t\t<section class=\"elementor-section elementor-top-section elementor-element elementor-element-4bda8e5 elementor-section-boxed elementor-section-height-default elementor-section-height-default\" data-id=\"4bda8e5\" data-element_type=\"section\">\n\t\t\t\t\t\t<div class=\"elementor-container elementor-column-gap-default\">\n\t\t\t\t\t<div class=\"elementor-column elementor-col-100 elementor-top-column elementor-element elementor-element-f34e49f\" data-id=\"f34e49f\" data-element_type=\"column\">\n\t\t\t<div class=\"elementor-widget-wrap elementor-element-populated\">\n\t\t\t\t\t\t\t\t<section class=\"elementor-section elementor-inner-section elementor-element elementor-element-b62153a elementor-section-boxed elementor-section-height-default elementor-section-height-default\" data-id=\"b62153a\" data-element_type=\"section\">\n\t\t\t\t\t\t<div class=\"elementor-container elementor-column-gap-default\">\n\t\t\t\t\t<div class=\"elementor-column elementor-col-50 elementor-inner-column elementor-element elementor-element-809a51c\" data-id=\"809a51c\" data-element_type=\"column\">\n\t\t\t<div class=\"elementor-widget-wrap elementor-element-populated\">\n\t\t\t\t\t\t\t\t<div class=\"elementor-element elementor-element-67dea41 elementor-widget elementor-widget-image\" data-id=\"67dea41\" data-element_type=\"widget\" data-widget_type=\"image.default\">\n\t\t\t\t<div class=\"elementor-widget-container\">\n\t\t\t\t\t\t\t\t\t\t\t\t<figure class=\"wp-caption\">\n\t\t\t\t\t\t\t\t\t\t<img decoding=\"async\" width=\"683\" height=\"1024\" src=\"https:\/\/sotomonteabogados.com\/wp-content\/uploads\/2026\/05\/DSC08290-2-683x1024.jpg\" class=\"elementor-animation-grow attachment-large size-large\" alt=\"\" loading=\"lazy\" srcset=\"https:\/\/sotomonteabogados.com\/wp-content\/uploads\/2026\/05\/DSC08290-2-683x1024.jpg 683w, https:\/\/sotomonteabogados.com\/wp-content\/uploads\/2026\/05\/DSC08290-2-200x300.jpg 200w, https:\/\/sotomonteabogados.com\/wp-content\/uploads\/2026\/05\/DSC08290-2-768x1152.jpg 768w, https:\/\/sotomonteabogados.com\/wp-content\/uploads\/2026\/05\/DSC08290-2-1024x1536.jpg 1024w, https:\/\/sotomonteabogados.com\/wp-content\/uploads\/2026\/05\/DSC08290-2-1365x2048.jpg 1365w, https:\/\/sotomonteabogados.com\/wp-content\/uploads\/2026\/05\/DSC08290-2-8x12.jpg 8w, https:\/\/sotomonteabogados.com\/wp-content\/uploads\/2026\/05\/DSC08290-2-scaled.jpg 1707w\" sizes=\"(max-width: 683px) 100vw, 683px\" \/>\t\t\t\t\t\t\t\t\t\t\t<figcaption class=\"widget-image-caption wp-caption-text\">PARALEGAL<\/figcaption>\n\t\t\t\t\t\t\t\t\t\t<\/figure>\n\t\t\t\t\t\t\t\t\t<\/div>\n\t\t\t\t<\/div>\n\t\t\t\t\t<\/div>\n\t\t<\/div>\n\t\t\t\t<div class=\"elementor-column elementor-col-50 elementor-inner-column elementor-element elementor-element-f23ccb9\" data-id=\"f23ccb9\" data-element_type=\"column\">\n\t\t\t<div class=\"elementor-widget-wrap elementor-element-populated\">\n\t\t\t\t\t\t\t\t<div class=\"elementor-element elementor-element-7a2f5d9 elementor-widget elementor-widget-html\" data-id=\"7a2f5d9\" data-element_type=\"widget\" data-widget_type=\"html.default\">\n\t\t\t\t<div class=\"elementor-widget-container\">\n\t\t\t<div>\n  <label style=\"font-size:33px; color:#274273; font-weight:bold; line-height:35px;\">YILMER<br><span style=\"color:#027fbd;\">VELASCO MOJICA<\/span><\/label>\n<\/div>\n\t\t<\/div>\n\t\t\t\t<\/div>\n\t\t\t\t<div class=\"elementor-element elementor-element-cefa20d elementor-widget elementor-widget-text-editor\" data-id=\"cefa20d\" data-element_type=\"widget\" data-widget_type=\"text-editor.default\">\n\t\t\t\t<div class=\"elementor-widget-container\">\n\t\t\t<style>\/*! elementor - v3.6.7 - 03-07-2022 *\/\n.elementor-widget-text-editor.elementor-drop-cap-view-stacked .elementor-drop-cap{background-color:#818a91;color:#fff}.elementor-widget-text-editor.elementor-drop-cap-view-framed .elementor-drop-cap{color:#818a91;border:3px solid;background-color:transparent}.elementor-widget-text-editor:not(.elementor-drop-cap-view-default) .elementor-drop-cap{margin-top:8px}.elementor-widget-text-editor:not(.elementor-drop-cap-view-default) .elementor-drop-cap-letter{width:1em;height:1em}.elementor-widget-text-editor .elementor-drop-cap{float:left;text-align:center;line-height:1;font-size:50px}.elementor-widget-text-editor .elementor-drop-cap-letter{display:inline-block}<\/style>\t\t\t\t<p>Fourth-year Law student at Universidad Externado de Colombia, with a focus on commercial, corporate, business, and competition law. He has strengthened his academic background through seminars in Tax Law and his participation as a member of the Financial Law research group, developing a profile focused on the legal analysis of business and regulatory matters.<\/p><p>During his internship at Sotomonte, Sotomonte &amp; Rodr\u00edguez Abogados, he participated in the review and drafting of legal documents, including contracts and movable collateral agreements, as well as in the preparation of legal memoranda based on the analysis of commercial and corporate regulations and case law.<\/p><p>Additionally, he supported the monitoring of corporate restructuring and insolvency proceedings before the Colombian Superintendence of Companies.<br \/>His profile is distinguished by strong legal research skills, precision in legal drafting, and sound analytical judgment, combined with a high level of organization and a commitment to delivering rigorous, results-oriented legal services.<\/p><p><b>Practice Areas:<\/b> Corporate Law, Litigation and Insolvency.<\/p>\t\t\t\t\t\t<\/div>\n\t\t\t\t<\/div>\n\t\t\t\t<div class=\"elementor-element elementor-element-271df9f elementor-widget elementor-widget-html\" data-id=\"271df9f\" data-element_type=\"widget\" data-widget_type=\"html.default\">\n\t\t\t\t<div class=\"elementor-widget-container\">\n\t\t\t<div style=\"display:block; width: 62px; height:12px; background-color: #027fbd; border-radius: 4px; margin-top:10px;\"><\/div>\t\t<\/div>\n\t\t\t\t<\/div>\n\t\t\t\t\t<\/div>\n\t\t<\/div>\n\t\t\t\t\t\t\t<\/div>\n\t\t<\/section>\n\t\t\t\t\t<\/div>\n\t\t<\/div>\n\t\t\t\t\t\t\t<\/div>\n\t\t<\/section>\n\t\t\t\t<section class=\"elementor-section elementor-top-section elementor-element elementor-element-c96116a elementor-section-boxed elementor-section-height-default elementor-section-height-default\" data-id=\"c96116a\" data-element_type=\"section\">\n\t\t\t\t\t\t<div class=\"elementor-container elementor-column-gap-default\">\n\t\t\t\t\t<div class=\"elementor-column elementor-col-100 elementor-top-column elementor-element elementor-element-3491e0a\" data-id=\"3491e0a\" data-element_type=\"column\">\n\t\t\t<div class=\"elementor-widget-wrap elementor-element-populated\">\n\t\t\t\t\t\t\t\t<div class=\"elementor-element elementor-element-45d324c elementor-widget elementor-widget-html\" data-id=\"45d324c\" data-element_type=\"widget\" data-widget_type=\"html.default\">\n\t\t\t\t<div class=\"elementor-widget-container\">\n\t\t\t<div style=\"text-align: center;\">\n    <a href=\"https:\/\/sotomonteabogados.com\/en\/vanessa-claros-trujillo\/\"><img decoding=\"async\" src=\"https:\/\/sotomonteabogados.com\/wp-content\/uploads\/2022\/10\/left.png\" width=\"65\"\/><\/a><label style=\"font-size: 11px; color: #274273; font-weight: 500; line-height: 42px; margin: -56px 30px 0\">SAUL <span style=\"color: #027fbd;\">SOTOMONTE SOTOMONTE<\/span><\/label><a href=\"https:\/\/sotomonteabogados.com\/en\/saul-sotomonte\/\"><img decoding=\"async\" src=\"https:\/\/sotomonteabogados.com\/wp-content\/uploads\/2022\/10\/right.png\" width=\"65\" \/><\/a>\n<\/div>\t\t<\/div>\n\t\t\t\t<\/div>\n\t\t\t\t\t<\/div>\n\t\t<\/div>\n\t\t\t\t\t\t\t<\/div>\n\t\t<\/section>\n\t\t\t\t\t\t\t<\/div>","protected":false},"excerpt":{"rendered":"<p>PARALEGAL YILMERVELASCO MOJICA Estudiante de cuarto a\u00f1o de Derecho de la Universidad Externado de Colombia, con enfoque en derecho comercial, societario, corporativo y derecho de la competencia. Ha fortalecido su formaci\u00f3n acad\u00e9mica mediante estudios en seminarios en Derecho Fiscal y su participaci\u00f3n como miembro del semillero de investigaci\u00f3n en Derecho Financiero, consolidando un perfil orientado [&hellip;]<\/p>","protected":false},"author":1,"featured_media":0,"parent":0,"menu_order":0,"comment_status":"closed","ping_status":"closed","template":"","meta":[],"_links":{"self":[{"href":"https:\/\/sotomonteabogados.com\/en\/wp-json\/wp\/v2\/pages\/1388"}],"collection":[{"href":"https:\/\/sotomonteabogados.com\/en\/wp-json\/wp\/v2\/pages"}],"about":[{"href":"https:\/\/sotomonteabogados.com\/en\/wp-json\/wp\/v2\/types\/page"}],"author":[{"embeddable":true,"href":"https:\/\/sotomonteabogados.com\/en\/wp-json\/wp\/v2\/users\/1"}],"replies":[{"embeddable":true,"href":"https:\/\/sotomonteabogados.com\/en\/wp-json\/wp\/v2\/comments?post=1388"}],"version-history":[{"count":13,"href":"https:\/\/sotomonteabogados.com\/en\/wp-json\/wp\/v2\/pages\/1388\/revisions"}],"predecessor-version":[{"id":1419,"href":"https:\/\/sotomonteabogados.com\/en\/wp-json\/wp\/v2\/pages\/1388\/revisions\/1419"}],"wp:attachment":[{"href":"https:\/\/sotomonteabogados.com\/en\/wp-json\/wp\/v2\/media?parent=1388"}],"curies":[{"name":"wp","href":"https:\/\/api.w.org\/{rel}","templated":true}]}}